{"id":29329,"date":"2024-05-05T14:02:44","date_gmt":"2024-05-05T14:02:44","guid":{"rendered":"https:\/\/cafimra.org\/?page_id=29329"},"modified":"2024-05-06T11:23:28","modified_gmt":"2024-05-06T11:23:28","slug":"soumission","status":"publish","type":"page","link":"https:\/\/cafimra.org\/index.php\/soumission\/","title":{"rendered":"soumission"},"content":{"rendered":"\t\t<div data-elementor-type=\"wp-page\" data-elementor-id=\"29329\" class=\"elementor elementor-29329\">\n\t\t\t\t<div class=\"elementor-element elementor-element-c6830f0 e-flex e-con-boxed e-con e-parent\" data-id=\"c6830f0\" data-element_type=\"container\">\n\t\t\t\t\t<div class=\"e-con-inner\">\n\t\t\t\t<div class=\"elementor-element elementor-element-9ef81f5 elementor-widget elementor-widget-heading\" data-id=\"9ef81f5\" data-element_type=\"widget\" data-widget_type=\"heading.default\">\n\t\t\t\t<div class=\"elementor-widget-container\">\n\t\t\t<style>\/*! elementor - v3.21.0 - 18-04-2024 *\/\n.elementor-heading-title{padding:0;margin:0;line-height:1}.elementor-widget-heading .elementor-heading-title[class*=elementor-size-]>a{color:inherit;font-size:inherit;line-height:inherit}.elementor-widget-heading .elementor-heading-title.elementor-size-small{font-size:15px}.elementor-widget-heading .elementor-heading-title.elementor-size-medium{font-size:19px}.elementor-widget-heading .elementor-heading-title.elementor-size-large{font-size:29px}.elementor-widget-heading .elementor-heading-title.elementor-size-xl{font-size:39px}.elementor-widget-heading .elementor-heading-title.elementor-size-xxl{font-size:59px}<\/style><h2 class=\"elementor-heading-title elementor-size-default\">Soumission des propositions de communications<\/h2>\t\t<\/div>\n\t\t\t\t<\/div>\n\t\t\t\t<div class=\"elementor-element elementor-element-a4edf9c elementor-widget elementor-widget-text-editor\" data-id=\"a4edf9c\" data-element_type=\"widget\" data-widget_type=\"text-editor.default\">\n\t\t\t\t<div class=\"elementor-widget-container\">\n\t\t\t<style>\/*! elementor - v3.21.0 - 18-04-2024 *\/\n.elementor-widget-text-editor.elementor-drop-cap-view-stacked .elementor-drop-cap{background-color:#69727d;color:#fff}.elementor-widget-text-editor.elementor-drop-cap-view-framed .elementor-drop-cap{color:#69727d;border:3px solid;background-color:transparent}.elementor-widget-text-editor:not(.elementor-drop-cap-view-default) .elementor-drop-cap{margin-top:8px}.elementor-widget-text-editor:not(.elementor-drop-cap-view-default) .elementor-drop-cap-letter{width:1em;height:1em}.elementor-widget-text-editor .elementor-drop-cap{float:left;text-align:center;line-height:1;font-size:50px}.elementor-widget-text-editor .elementor-drop-cap-letter{display:inline-block}<\/style>\t\t\t\t<p class=\"western\" lang=\"fr-FR\" align=\"justify\"><span style=\"font-family:\"Poppins\", sans-serif\"><span style=\"font-size: medium;\">Les propositions de communications sont \u00e0 soumettre \u00e0 travers la plateforme du CAFIMRA-13 dans la p\u00e9riode du 01 janvier 2024 au 30 juillet 2024.<\/span><\/span><\/p>\n<p class=\"western\" lang=\"fr-FR\" align=\"justify\"><span style=\"font-family:\"Poppins\", sans-serif\"><span style=\"font-size: medium;\">NB : C\u2019est la personne souhaitant effectuer la communication qui doit la soumettre sur la plateforme du CAFIMRA-13, car toutes les notifications relatives \u00e0 ladite soumission (avis du Comit\u00e9 Scientifique International, lettre d\u2019invitation, informations sur le paiement des frais de participation, attestations, correspondances du CAFIMRA, \u2026) lui seront transmises.<\/span><\/span><\/p>\n<p class=\"western\" lang=\"fr-FR\" align=\"justify\"><span style=\"font-family: \"Poppins\", sans-serif\"><span style=\"font-size: medium;\">Les propositions comprendront :<\/span><\/span><\/p>\n\n<ul>\n \t<li>\n<p align=\"justify\"><span ><span style=\"font-family: \"Poppins\", sans-serif\"><span style=\"font-size: medium;\"><span style=\"font-family: \"Poppins\", sans-serif\">Nom du candidat ;<\/span><\/span><\/span><\/span><\/p>\n<\/li>\n \t<li>\n<p align=\"justify\"><span ><span style=\"font-family: \"Poppins\", sans-serif\"><span style=\"font-size: medium;\"><span style=\"font-family:\"Poppins\", sans-serif\">Modalit\u00e9 d\u2019intervention (orale ou affich\u00e9e)<\/span><\/span><\/span><\/span><\/p>\n<\/li>\n \t<li>\n<p align=\"justify\"><span ><span style=\"font-family: \"Poppins\", sans-serif\"><span style=\"font-size: medium;\"><span style=\"font-family:\"Poppins\", sans-serif\">Titre de la communication ;<\/span><\/span><\/span><\/span><\/p>\n<\/li>\n \t<li>\n<p align=\"justify\"><span ><span style=\"font-family: \"Poppins\", sans-serif\"><span style=\"font-size: medium;\"><span style=\"font-family: \"Poppins\", sans-serif\">Mots-cl\u00e9s ;<\/span><\/span><\/span><\/span><\/p>\n<\/li>\n \t<li>\n<p align=\"justify\"><span ><span style=\"font-family: \"Poppins\", sans-serif\"><span style=\"font-size: medium;\"><span style=\"font-family: \"Poppins\", sans-serif\">R\u00e9sum\u00e9 de la communication en fran\u00e7ais (ne d\u00e9passant pas 300 mots) ;<\/span><\/span><\/span><\/span><\/p>\n<\/li>\n \t<li>\n<p align=\"justify\"><span ><span style=\"font-family: \"Poppins\", sans-serif\"><span style=\"font-size: medium;\"><span style=\"font-family: \"Poppins\", sans-serif\">Noms et pr\u00e9noms des auteurs et co-auteurs ;<\/span><\/span><\/span><\/span><\/p>\n<\/li>\n \t<li>\n<p align=\"justify\"><span ><span style=\"font-family: \"Poppins\", sans-serif\"><span style=\"font-size: medium;\"><span style=\"font-family: \"Poppins\", sans-serif\">Fichier PDF contenant les r\u00e9sum\u00e9s de la communication<\/span><\/span><\/span><\/span><\/p>\n<p class=\"western\" lang=\"fr-FR\" align=\"justify\"><span style=\"font-family:\"Poppins\", sans-serif\"><span style=\"font-size: medium;\">Les propositions seront \u00e9tudi\u00e9es en toute confidentialit\u00e9 par les comit\u00e9s scientifiques. Chaque candidat sera notifi\u00e9 de la d\u00e9cision relative \u00e0 sa proposition. Les communications s\u00e9lectionn\u00e9es seront publi\u00e9es dans les actes du CAFIMRA-13.<\/span><\/span><\/p>\n<\/li>\n<\/ul>\t\t\t\t\t\t<\/div>\n\t\t\t\t<\/div>\n\t\t\t\t<div class=\"elementor-element elementor-element-5b0455c elementor-widget elementor-widget-heading\" data-id=\"5b0455c\" data-element_type=\"widget\" data-widget_type=\"heading.default\">\n\t\t\t\t<div class=\"elementor-widget-container\">\n\t\t\t<h2 class=\"elementor-heading-title elementor-size-default\">L'appel de soumission est ouvert<\/h2>\t\t<\/div>\n\t\t\t\t<\/div>\n\t\t\t\t\t<\/div>\n\t\t\t\t<\/div>\n\t\t<div class=\"elementor-element elementor-element-929d394 e-grid e-con-boxed e-con e-parent\" data-id=\"929d394\" data-element_type=\"container\">\n\t\t\t\t\t<div class=\"e-con-inner\">\n\t\t\t\t<div class=\"elementor-element elementor-element-25caeb7 elementor-position-top elementor-widget elementor-widget-image-box\" data-id=\"25caeb7\" data-element_type=\"widget\" data-widget_type=\"image-box.default\">\n\t\t\t\t<div class=\"elementor-widget-container\">\n\t\t\t<style>\/*! elementor - v3.21.0 - 18-04-2024 *\/\n.elementor-widget-image-box .elementor-image-box-content{width:100%}@media (min-width:768px){.elementor-widget-image-box.elementor-position-left .elementor-image-box-wrapper,.elementor-widget-image-box.elementor-position-right .elementor-image-box-wrapper{display:flex}.elementor-widget-image-box.elementor-position-right .elementor-image-box-wrapper{text-align:end;flex-direction:row-reverse}.elementor-widget-image-box.elementor-position-left .elementor-image-box-wrapper{text-align:start;flex-direction:row}.elementor-widget-image-box.elementor-position-top .elementor-image-box-img{margin:auto}.elementor-widget-image-box.elementor-vertical-align-top .elementor-image-box-wrapper{align-items:flex-start}.elementor-widget-image-box.elementor-vertical-align-middle .elementor-image-box-wrapper{align-items:center}.elementor-widget-image-box.elementor-vertical-align-bottom .elementor-image-box-wrapper{align-items:flex-end}}@media (max-width:767px){.elementor-widget-image-box .elementor-image-box-img{margin-left:auto!important;margin-right:auto!important;margin-bottom:15px}}.elementor-widget-image-box .elementor-image-box-img{display:inline-block}.elementor-widget-image-box .elementor-image-box-title a{color:inherit}.elementor-widget-image-box .elementor-image-box-wrapper{text-align:center}.elementor-widget-image-box .elementor-image-box-description{margin:0}<\/style><div class=\"elementor-image-box-wrapper\"><figure class=\"elementor-image-box-img\"><img decoding=\"async\" width=\"150\" height=\"151\" src=\"https:\/\/cafimra.org\/wp-content\/uploads\/2024\/05\/Communication-Orale.png\" class=\"attachment-medium size-medium wp-image-29343\" alt=\"\" \/><\/figure><div class=\"elementor-image-box-content\"><h3 class=\"elementor-image-box-title\">Communication Orale <\/h3><\/div><\/div>\t\t<\/div>\n\t\t\t\t<\/div>\n\t\t\t\t<div class=\"elementor-element elementor-element-5f4f576 elementor-position-top elementor-widget elementor-widget-image-box\" data-id=\"5f4f576\" data-element_type=\"widget\" data-widget_type=\"image-box.default\">\n\t\t\t\t<div class=\"elementor-widget-container\">\n\t\t\t<div class=\"elementor-image-box-wrapper\"><figure class=\"elementor-image-box-img\"><img decoding=\"async\" width=\"156\" height=\"151\" src=\"https:\/\/cafimra.org\/wp-content\/uploads\/2024\/05\/Communication-affichee-et-discutee.png\" class=\"attachment-full size-full wp-image-29347\" alt=\"\" \/><\/figure><div class=\"elementor-image-box-content\"><h3 class=\"elementor-image-box-title\">Communication affich\u00e9e et discut\u00e9e<\/h3><\/div><\/div>\t\t<\/div>\n\t\t\t\t<\/div>\n\t\t\t\t<div class=\"elementor-element elementor-element-46fea2f elementor-position-top elementor-widget elementor-widget-image-box\" data-id=\"46fea2f\" data-element_type=\"widget\" data-widget_type=\"image-box.default\">\n\t\t\t\t<div class=\"elementor-widget-container\">\n\t\t\t<div class=\"elementor-image-box-wrapper\"><figure class=\"elementor-image-box-img\"><img decoding=\"async\" width=\"168\" height=\"151\" src=\"https:\/\/cafimra.org\/wp-content\/uploads\/2024\/05\/Communication-affichee.png\" class=\"attachment-full size-full wp-image-29351\" alt=\"\" \/><\/figure><div class=\"elementor-image-box-content\"><h3 class=\"elementor-image-box-title\">Communication affich\u00e9e<\/h3><\/div><\/div>\t\t<\/div>\n\t\t\t\t<\/div>\n\t\t\t\t\t<\/div>\n\t\t\t\t<\/div>\n\t\t<div class=\"elementor-element elementor-element-1f7e2e3 e-flex e-con-boxed e-con e-parent\" data-id=\"1f7e2e3\" data-element_type=\"container\">\n\t\t\t\t\t<div class=\"e-con-inner\">\n\t\t\t\t<div class=\"elementor-element elementor-element-51bc676 elementor-widget elementor-widget-image\" data-id=\"51bc676\" data-element_type=\"widget\" data-widget_type=\"image.default\">\n\t\t\t\t<div class=\"elementor-widget-container\">\n\t\t\t<style>\/*! elementor - v3.21.0 - 18-04-2024 *\/\n.elementor-widget-image{text-align:center}.elementor-widget-image a{display:inline-block}.elementor-widget-image a img[src$=\".svg\"]{width:48px}.elementor-widget-image img{vertical-align:middle;display:inline-block}<\/style>\t\t\t\t\t\t\t\t\t\t<img decoding=\"async\" src=\"https:\/\/cafimra.org\/wp-content\/uploads\/elementor\/thumbs\/Presentation-qyk58wisvg2jogyck4mffj9pp41ibrng7lpa7czpnq.png\" title=\"Presentation\" alt=\"Presentation\" loading=\"lazy\" \/>\t\t\t\t\t\t\t\t\t\t\t\t\t<\/div>\n\t\t\t\t<\/div>\n\t\t\t\t\t<\/div>\n\t\t\t\t<\/div>\n\t\t<div class=\"elementor-element elementor-element-eaf8a41 e-flex e-con-boxed e-con e-parent\" data-id=\"eaf8a41\" data-element_type=\"container\">\n\t\t\t\t\t<div class=\"e-con-inner\">\n\t\t\t\t<div class=\"elementor-element elementor-element-36fe80a elementor-widget elementor-widget-heading\" data-id=\"36fe80a\" data-element_type=\"widget\" data-widget_type=\"heading.default\">\n\t\t\t\t<div class=\"elementor-widget-container\">\n\t\t\t<h2 class=\"elementor-heading-title elementor-size-default\">Date limite de soumission: 30 Juillet minuit 2024<\/h2>\t\t<\/div>\n\t\t\t\t<\/div>\n\t\t\t\t\t<\/div>\n\t\t\t\t<\/div>\n\t\t<div class=\"elementor-element elementor-element-3f680c2 e-flex e-con-boxed e-con e-parent\" data-id=\"3f680c2\" data-element_type=\"container\">\n\t\t\t\t\t<div class=\"e-con-inner\">\n\t\t\t\t<div class=\"elementor-element elementor-element-ef8caeb elementor-widget elementor-widget-heading\" data-id=\"ef8caeb\" data-element_type=\"widget\" data-widget_type=\"heading.default\">\n\t\t\t\t<div class=\"elementor-widget-container\">\n\t\t\t<h3 class=\"elementor-heading-title elementor-size-default\">Contacts<\/h3>\t\t<\/div>\n\t\t\t\t<\/div>\n\t\t\t\t<div class=\"elementor-element elementor-element-7b907d1 elementor-widget elementor-widget-heading\" data-id=\"7b907d1\" data-element_type=\"widget\" data-widget_type=\"heading.default\">\n\t\t\t\t<div class=\"elementor-widget-container\">\n\t\t\t<h3 class=\"elementor-heading-title elementor-size-default\">email:contact@cafimra.org<\/h3>\t\t<\/div>\n\t\t\t\t<\/div>\n\t\t\t\t<div class=\"elementor-element elementor-element-8d79fda elementor-widget elementor-widget-heading\" data-id=\"8d79fda\" data-element_type=\"widget\" data-widget_type=\"heading.default\">\n\t\t\t\t<div class=\"elementor-widget-container\">\n\t\t\t<h3 class=\"elementor-heading-title elementor-size-default\">Tel: +223 20 22 86 02<\/h3>\t\t<\/div>\n\t\t\t\t<\/div>\n\t\t\t\t\t<\/div>\n\t\t\t\t<\/div>\n\t\t\t\t<\/div>\n\t\t","protected":false},"excerpt":{"rendered":"<p>Soumission des propositions de communications Les propositions de communications sont \u00e0 soumettre \u00e0 travers la plateforme du CAFIMRA-13 dans la p\u00e9riode du 01 janvier 2024 au 30 juillet 2024. NB : C\u2019est la personne souhaitant effectuer la communication qui doit la soumettre sur la plateforme du CAFIMRA-13, car toutes les notifications relatives \u00e0 ladite soumission [&hellip;]<\/p>\n","protected":false},"author":1,"featured_media":0,"parent":0,"menu_order":0,"comment_status":"closed","ping_status":"closed","template":"","meta":{"footnotes":""},"class_list":["post-29329","page","type-page","status-publish","hentry"],"_links":{"self":[{"href":"https:\/\/cafimra.org\/index.php\/wp-json\/wp\/v2\/pages\/29329","targetHints":{"allow":["GET"]}}],"collection":[{"href":"https:\/\/cafimra.org\/index.php\/wp-json\/wp\/v2\/pages"}],"about":[{"href":"https:\/\/cafimra.org\/index.php\/wp-json\/wp\/v2\/types\/page"}],"author":[{"embeddable":true,"href":"https:\/\/cafimra.org\/index.php\/wp-json\/wp\/v2\/users\/1"}],"replies":[{"embeddable":true,"href":"https:\/\/cafimra.org\/index.php\/wp-json\/wp\/v2\/comments?post=29329"}],"version-history":[{"count":58,"href":"https:\/\/cafimra.org\/index.php\/wp-json\/wp\/v2\/pages\/29329\/revisions"}],"predecessor-version":[{"id":29490,"href":"https:\/\/cafimra.org\/index.php\/wp-json\/wp\/v2\/pages\/29329\/revisions\/29490"}],"wp:attachment":[{"href":"https:\/\/cafimra.org\/index.php\/wp-json\/wp\/v2\/media?parent=29329"}],"curies":[{"name":"wp","href":"https:\/\/api.w.org\/{rel}","templated":true}]}}